{"id":77,"date":"2021-06-18T09:33:27","date_gmt":"2021-06-18T09:33:27","guid":{"rendered":"https:\/\/oficinadotato.ese.ipp.pt\/?page_id=77"},"modified":"2021-06-18T09:33:27","modified_gmt":"2021-06-18T09:33:27","slug":"design-e-prototipagem","status":"publish","type":"page","link":"https:\/\/oficinadotato.ese.ipp.pt\/index.php\/design-e-prototipagem\/","title":{"rendered":"Design e prototipagem"},"content":{"rendered":"\n<p>Solu\u00e7\u00f5es criativas constru\u00eddas com t\u00e9cnicas baseadas em impress\u00e3o 3D, e principalmente atrav\u00e9s de corte e grava\u00e7\u00e3o a laser, na \u00e1rea do design e sobretudo no design de interiores.<\/p>\n\n\n\n<p>Os novos modelos econ\u00f3micos apontam, para uma personaliza\u00e7\u00e3o dos produtos, tendo em conta que j\u00e1 \u00e9 poss\u00edvel rentabilizar a produ\u00e7\u00e3o \u00e0 escala que se deseja. \u00e9 uma oportunidade \u00fanica de desenvolver a criatividade dos \u201c<em>Makers<\/em>\u201d passando a processos de produ\u00e7\u00e3o vi\u00e1veis.<\/p>\n","protected":false},"excerpt":{"rendered":"<p>Solu\u00e7\u00f5es criativas constru\u00eddas com t\u00e9cnicas baseadas em impress\u00e3o 3D, e principalmente atrav\u00e9s de corte e grava\u00e7\u00e3o a laser, na \u00e1rea do design e sobretudo no design de interiores. Os novos modelos econ\u00f3micos apontam, para uma personaliza\u00e7\u00e3o dos produtos, tendo em conta que j\u00e1 \u00e9 poss\u00edvel rentabilizar a produ\u00e7\u00e3o \u00e0 escala que se deseja. \u00e9 uma [&hellip;]<\/p>\n","protected":false},"author":2,"featured_media":0,"parent":0,"menu_order":0,"comment_status":"closed","ping_status":"closed","template":"","meta":{"footnotes":""},"class_list":["post-77","page","type-page","status-publish","hentry","post"],"_links":{"self":[{"href":"https:\/\/oficinadotato.ese.ipp.pt\/index.php\/wp-json\/wp\/v2\/pages\/77","targetHints":{"allow":["GET"]}}],"collection":[{"href":"https:\/\/oficinadotato.ese.ipp.pt\/index.php\/wp-json\/wp\/v2\/pages"}],"about":[{"href":"https:\/\/oficinadotato.ese.ipp.pt\/index.php\/wp-json\/wp\/v2\/types\/page"}],"author":[{"embeddable":true,"href":"https:\/\/oficinadotato.ese.ipp.pt\/index.php\/wp-json\/wp\/v2\/users\/2"}],"replies":[{"embeddable":true,"href":"https:\/\/oficinadotato.ese.ipp.pt\/index.php\/wp-json\/wp\/v2\/comments?post=77"}],"version-history":[{"count":1,"href":"https:\/\/oficinadotato.ese.ipp.pt\/index.php\/wp-json\/wp\/v2\/pages\/77\/revisions"}],"predecessor-version":[{"id":78,"href":"https:\/\/oficinadotato.ese.ipp.pt\/index.php\/wp-json\/wp\/v2\/pages\/77\/revisions\/78"}],"wp:attachment":[{"href":"https:\/\/oficinadotato.ese.ipp.pt\/index.php\/wp-json\/wp\/v2\/media?parent=77"}],"curies":[{"name":"wp","href":"https:\/\/api.w.org\/{rel}","templated":true}]}}