{"id":75,"date":"2021-06-18T09:32:36","date_gmt":"2021-06-18T09:32:36","guid":{"rendered":"https:\/\/oficinadotato.ese.ipp.pt\/?page_id=75"},"modified":"2021-06-18T09:32:36","modified_gmt":"2021-06-18T09:32:36","slug":"aal-domotica","status":"publish","type":"page","link":"https:\/\/oficinadotato.ese.ipp.pt\/index.php\/aal-domotica\/","title":{"rendered":"AAL Dom\u00f3tica"},"content":{"rendered":"\n<p>Equipamentos concebidos e constru\u00eddos para resolver quest\u00f5es de conforto e qualidade de vida e at\u00e9 de seguran\u00e7a (luminosidade, avisos). A \u00e1rea do <em>Ambient Assisted Living<\/em> inscreve-se no plano das necessidades mais comuns das pessoas com incapacidades e dos idosos que desejam manter a sua autonomia na casa que sempre habitaram (<em>aging in place<\/em>).<\/p>\n\n\n\n<p>Pequenos dispositivos para manipula\u00e7\u00e3o e atividades de vida di\u00e1ria, solu\u00e7\u00f5es para a qualidade de vida que passem pela melhoria de condi\u00e7\u00f5es de ilumina\u00e7\u00e3o, seguran\u00e7a, acessibilidade ou mesmo solu\u00e7\u00f5es de automatiza\u00e7\u00e3o (<em>Internet of Things<\/em>) mais avan\u00e7adas, baseadas na programa\u00e7\u00e3o de Arduinos ou Rasperry Pi, s\u00e3o com certeza propostas poss\u00edveis, em fun\u00e7\u00e3o, obviamente, do grau de funcionalidade e literacia tecnol\u00f3gica adquirida pelos formandos.<\/p>\n","protected":false},"excerpt":{"rendered":"<p>Equipamentos concebidos e constru\u00eddos para resolver quest\u00f5es de conforto e qualidade de vida e at\u00e9 de seguran\u00e7a (luminosidade, avisos). A \u00e1rea do Ambient Assisted Living inscreve-se no plano das necessidades mais comuns das pessoas com incapacidades e dos idosos que desejam manter a sua autonomia na casa que sempre habitaram (aging in place). Pequenos dispositivos [&hellip;]<\/p>\n","protected":false},"author":2,"featured_media":0,"parent":0,"menu_order":0,"comment_status":"closed","ping_status":"closed","template":"","meta":{"footnotes":""},"class_list":["post-75","page","type-page","status-publish","hentry","post"],"_links":{"self":[{"href":"https:\/\/oficinadotato.ese.ipp.pt\/index.php\/wp-json\/wp\/v2\/pages\/75","targetHints":{"allow":["GET"]}}],"collection":[{"href":"https:\/\/oficinadotato.ese.ipp.pt\/index.php\/wp-json\/wp\/v2\/pages"}],"about":[{"href":"https:\/\/oficinadotato.ese.ipp.pt\/index.php\/wp-json\/wp\/v2\/types\/page"}],"author":[{"embeddable":true,"href":"https:\/\/oficinadotato.ese.ipp.pt\/index.php\/wp-json\/wp\/v2\/users\/2"}],"replies":[{"embeddable":true,"href":"https:\/\/oficinadotato.ese.ipp.pt\/index.php\/wp-json\/wp\/v2\/comments?post=75"}],"version-history":[{"count":1,"href":"https:\/\/oficinadotato.ese.ipp.pt\/index.php\/wp-json\/wp\/v2\/pages\/75\/revisions"}],"predecessor-version":[{"id":76,"href":"https:\/\/oficinadotato.ese.ipp.pt\/index.php\/wp-json\/wp\/v2\/pages\/75\/revisions\/76"}],"wp:attachment":[{"href":"https:\/\/oficinadotato.ese.ipp.pt\/index.php\/wp-json\/wp\/v2\/media?parent=75"}],"curies":[{"name":"wp","href":"https:\/\/api.w.org\/{rel}","templated":true}]}}