{"id":73,"date":"2021-06-18T09:31:48","date_gmt":"2021-06-18T09:31:48","guid":{"rendered":"https:\/\/oficinadotato.ese.ipp.pt\/?page_id=73"},"modified":"2021-06-18T09:35:14","modified_gmt":"2021-06-18T09:35:14","slug":"recursos-para-estimulacao-sensorial-e-visual-dvc","status":"publish","type":"page","link":"https:\/\/oficinadotato.ese.ipp.pt\/index.php\/recursos-para-estimulacao-sensorial-e-visual-dvc\/","title":{"rendered":"Estimula\u00e7\u00e3o Sensorial e Visual (DVC)"},"content":{"rendered":"\n<p>Fabrico de produtos de baixo custo baseados em <strong>tecnologias led<\/strong> (e n\u00e3o s\u00f3) destinados sobretudo a estimula\u00e7\u00e3o sensorial, no trabalho com crian\u00e7as com d\u00e9fice visual cerebral.<\/p>\n\n\n\n<p>Ainda na \u00e1rea da estimula\u00e7\u00e3o sensorial geral, constru\u00e7\u00e3o de alternativas mais baratas aos m\u00f3dulos das salas <em>snoozelen<\/em> que s\u00e3o em geral dispendiosos e dif\u00edceis de encontrar. Com o devido acompanhamento t\u00e9cnico, as equipas ser\u00e3o capazes de construir mesas de luz, quadros de comunica\u00e7\u00e3o ou at\u00e9 sistemas com movimento (livros animados) para utiliza\u00e7\u00e3o em contextos pedag\u00f3gicos.<\/p>\n","protected":false},"excerpt":{"rendered":"<p>Fabrico de produtos de baixo custo baseados em tecnologias led (e n\u00e3o s\u00f3) destinados sobretudo a estimula\u00e7\u00e3o sensorial, no trabalho com crian\u00e7as com d\u00e9fice visual cerebral. Ainda na \u00e1rea da estimula\u00e7\u00e3o sensorial geral, constru\u00e7\u00e3o de alternativas mais baratas aos m\u00f3dulos das salas snoozelen que s\u00e3o em geral dispendiosos e dif\u00edceis de encontrar. Com o devido [&hellip;]<\/p>\n","protected":false},"author":2,"featured_media":0,"parent":0,"menu_order":0,"comment_status":"closed","ping_status":"closed","template":"","meta":{"footnotes":""},"class_list":["post-73","page","type-page","status-publish","hentry","post"],"_links":{"self":[{"href":"https:\/\/oficinadotato.ese.ipp.pt\/index.php\/wp-json\/wp\/v2\/pages\/73","targetHints":{"allow":["GET"]}}],"collection":[{"href":"https:\/\/oficinadotato.ese.ipp.pt\/index.php\/wp-json\/wp\/v2\/pages"}],"about":[{"href":"https:\/\/oficinadotato.ese.ipp.pt\/index.php\/wp-json\/wp\/v2\/types\/page"}],"author":[{"embeddable":true,"href":"https:\/\/oficinadotato.ese.ipp.pt\/index.php\/wp-json\/wp\/v2\/users\/2"}],"replies":[{"embeddable":true,"href":"https:\/\/oficinadotato.ese.ipp.pt\/index.php\/wp-json\/wp\/v2\/comments?post=73"}],"version-history":[{"count":2,"href":"https:\/\/oficinadotato.ese.ipp.pt\/index.php\/wp-json\/wp\/v2\/pages\/73\/revisions"}],"predecessor-version":[{"id":80,"href":"https:\/\/oficinadotato.ese.ipp.pt\/index.php\/wp-json\/wp\/v2\/pages\/73\/revisions\/80"}],"wp:attachment":[{"href":"https:\/\/oficinadotato.ese.ipp.pt\/index.php\/wp-json\/wp\/v2\/media?parent=73"}],"curies":[{"name":"wp","href":"https:\/\/api.w.org\/{rel}","templated":true}]}}