{"id":71,"date":"2021-06-18T09:30:56","date_gmt":"2021-06-18T09:30:56","guid":{"rendered":"https:\/\/oficinadotato.ese.ipp.pt\/?page_id=71"},"modified":"2021-06-19T22:09:52","modified_gmt":"2021-06-19T22:09:52","slug":"recursos-educativos-acessiveis","status":"publish","type":"page","link":"https:\/\/oficinadotato.ese.ipp.pt\/index.php\/recursos-educativos-acessiveis\/","title":{"rendered":"Recursos educativos acess\u00edveis"},"content":{"rendered":"\n<p>Constru\u00e7\u00e3o de kits de manipul\u00e1veis para utiliza\u00e7\u00e3o em situa\u00e7\u00f5es de comunica\u00e7\u00e3o e aprendizagem em contexto educativo, com recurso a t\u00e9cnicas de fabrica\u00e7\u00e3o aditiva (3D): mapas em relevo, jogos, modelos de \u00f3rg\u00e3os do corpo humano, astronomia, ci\u00eancias (STEM). Esses recursos educacionais abertos (OER) podem ser adquiridos pelas escolas de refer\u00eancia para o ensino de alunos cegos e com baixa vis\u00e3o, ou por qualquer institui\u00e7\u00e3o com interesse em adquirir produtos acess\u00edveis personalizados.<\/p>\n\n\n\n<p><\/p>\n\n\n\n<figure class=\"wp-block-image size-large\"><img loading=\"lazy\" decoding=\"async\" width=\"167\" height=\"120\" src=\"https:\/\/oficinadotato.ese.ipp.pt\/wp-content\/uploads\/2021\/06\/Imagem6.png\" alt=\"\" class=\"wp-image-98\"\/><\/figure>\n\n\n\n<p><\/p>\n\n\n\n<p><\/p>\n","protected":false},"excerpt":{"rendered":"<p>Constru\u00e7\u00e3o de kits de manipul\u00e1veis para utiliza\u00e7\u00e3o em situa\u00e7\u00f5es de comunica\u00e7\u00e3o e aprendizagem em contexto educativo, com recurso a t\u00e9cnicas de fabrica\u00e7\u00e3o aditiva (3D): mapas em relevo, jogos, modelos de \u00f3rg\u00e3os do corpo humano, astronomia, ci\u00eancias (STEM). Esses recursos educacionais abertos (OER) podem ser adquiridos pelas escolas de refer\u00eancia para o ensino de alunos cegos [&hellip;]<\/p>\n","protected":false},"author":2,"featured_media":0,"parent":0,"menu_order":0,"comment_status":"closed","ping_status":"closed","template":"","meta":{"footnotes":""},"class_list":["post-71","page","type-page","status-publish","hentry","post"],"_links":{"self":[{"href":"https:\/\/oficinadotato.ese.ipp.pt\/index.php\/wp-json\/wp\/v2\/pages\/71","targetHints":{"allow":["GET"]}}],"collection":[{"href":"https:\/\/oficinadotato.ese.ipp.pt\/index.php\/wp-json\/wp\/v2\/pages"}],"about":[{"href":"https:\/\/oficinadotato.ese.ipp.pt\/index.php\/wp-json\/wp\/v2\/types\/page"}],"author":[{"embeddable":true,"href":"https:\/\/oficinadotato.ese.ipp.pt\/index.php\/wp-json\/wp\/v2\/users\/2"}],"replies":[{"embeddable":true,"href":"https:\/\/oficinadotato.ese.ipp.pt\/index.php\/wp-json\/wp\/v2\/comments?post=71"}],"version-history":[{"count":2,"href":"https:\/\/oficinadotato.ese.ipp.pt\/index.php\/wp-json\/wp\/v2\/pages\/71\/revisions"}],"predecessor-version":[{"id":99,"href":"https:\/\/oficinadotato.ese.ipp.pt\/index.php\/wp-json\/wp\/v2\/pages\/71\/revisions\/99"}],"wp:attachment":[{"href":"https:\/\/oficinadotato.ese.ipp.pt\/index.php\/wp-json\/wp\/v2\/media?parent=71"}],"curies":[{"name":"wp","href":"https:\/\/api.w.org\/{rel}","templated":true}]}}