{"id":24,"date":"2021-06-17T20:52:41","date_gmt":"2021-06-17T20:52:41","guid":{"rendered":"https:\/\/oficinadotato.ese.ipp.pt\/?page_id=24"},"modified":"2021-06-19T22:11:55","modified_gmt":"2021-06-19T22:11:55","slug":"projeto","status":"publish","type":"page","link":"https:\/\/oficinadotato.ese.ipp.pt\/","title":{"rendered":"Projeto"},"content":{"rendered":"\n<p><\/p>\n\n\n\n<p>Oficina do Tato\u00a0 \u00e9 um projeto formativo do\u00a0 P. Porto desenvolvido pelo <a href=\"http:\/\/www.naid.ese.ipp.pt\">N\u00facleo de Apoio a Inclus\u00e3o Digital<\/a> da\u00a0 Escola Superior de Educa\u00e7\u00e3o, que pretende promover a inclus\u00e3o e a integra\u00e7\u00e3o socioprofissional de jovens em situa\u00e7\u00e3o de vulnerabilidade, atrav\u00e9s de um programa de aquisi\u00e7\u00e3o de compet\u00eancias pessoais e t\u00e9cnicas, baseadas nos novos\u00a0 paradigmas associados ao Movimento Maker e \u00e0 utiliza\u00e7\u00e3o de tecnologias disruptivas (prototipagem e fabrica\u00e7\u00e3o 3D, rob\u00f3tica, IOT, prototipagem eletr\u00f3nica e outros).<\/p>\n\n\n\n<p>O programa parte de um <strong>pressuposto socioconstrucionista<\/strong> que valoriza a aprendizagem baseada em projetos e o processo criativo dos participantes, ao mesmo tempo que fomenta as intera\u00e7\u00f5es criando uma verdadeira <em>comunidade de pr\u00e1tica<\/em> facilitadora da sua integra\u00e7\u00e3o social e profissional.<\/p>\n\n\n\n<p>Os projetos, concebidos e realizados no FabLab da ESE e nos espa\u00e7os do pr\u00f3prio N\u00facleo de Apoio a Inclus\u00e3o Digital, dever\u00e3o incluir a constru\u00e7\u00e3o de um acervo de produtos personalizados de baixa ou m\u00e9dia tecnologia e recursos de acessibilidade para&nbsp; pessoas com defici\u00eancia e\/ou incapacidade,&nbsp; com especial relev\u00e2ncia para a defici\u00eancia visual, mas que e se podem revelar de valor inestim\u00e1vel em diversos contextos ligados \u00e0 defici\u00eancia e incapacidade: escolas de refer\u00eancia para alunos cegos e com baixa vis\u00e3o, ERPI, IPSS, etc. O facto de os projetos se materializarem em produtos com valor social relevante, refor\u00e7a a matriz integradora do projeto e funciona como facilitador de aquisi\u00e7\u00e3o de valores de inclus\u00e3o e empatia, que contribuem para o desenvolvimento pessoal e social dos formandos.<\/p>\n\n\n\n<p>Todos os modelos criados ser\u00e3o disponibilizados em regime de &#8220;<em>Open Soure&#8221;<\/em> numa plataforma digital, ou integrados em plataformas internacionais ( e.g. 3DforAll, Thingiverse, etc.) para partilha com a comunidade.<\/p>\n\n\n\n<p>O programa possui, assim, uma <strong>dimens\u00e3o humana<\/strong> (social e pedag\u00f3gica), t\u00e9cnica (saber fazer, aplicar) e socioecon\u00f3mica (investimento, retorno financeiro, etc.) e qualquer uma destas dimens\u00f5es \u00e9 assegurada por uma equipa espec\u00edfica.&nbsp; Est\u00e1 tamb\u00e9m prevista a exist\u00eancia de um parceiro comercial para apoio t\u00e9cnico relativamente aos equipamentos necess\u00e1rios, que apoiar\u00e1 a institui\u00e7\u00e3o (entidade promotora) nas quest\u00f5es log\u00edsticas.<\/p>\n\n\n\n<h2 class=\"wp-block-heading\"><strong>Objetivos<\/strong><\/h2>\n\n\n\n<figure class=\"wp-block-image size-large is-resized\"><img loading=\"lazy\" decoding=\"async\" src=\"https:\/\/oficinadotato.ese.ipp.pt\/wp-content\/uploads\/2021\/06\/Screenshot_5-1-1024x618.jpg\" alt=\"\" class=\"wp-image-96\" width=\"428\" height=\"258\" srcset=\"https:\/\/oficinadotato.ese.ipp.pt\/wp-content\/uploads\/2021\/06\/Screenshot_5-1-1024x618.jpg 1024w, https:\/\/oficinadotato.ese.ipp.pt\/wp-content\/uploads\/2021\/06\/Screenshot_5-1-300x181.jpg 300w, https:\/\/oficinadotato.ese.ipp.pt\/wp-content\/uploads\/2021\/06\/Screenshot_5-1-768x464.jpg 768w, https:\/\/oficinadotato.ese.ipp.pt\/wp-content\/uploads\/2021\/06\/Screenshot_5-1.jpg 1068w\" sizes=\"auto, (max-width: 428px) 100vw, 428px\" \/><\/figure>\n\n\n\n<ol class=\"wp-block-list\" type=\"1\"><li>Estimular o gosto pelo fazer (DIY) a aprendizagem de t\u00e9cnicas de desenho, prototipagem digital e fabrica\u00e7\u00e3o 3D, com vista \u00e0 defini\u00e7\u00e3o de&nbsp;&nbsp; itiner\u00e1rios de inser\u00e7\u00e3o personalizados que permitam melhorar a empregabilidade e o acesso ao mercado de trabalho;<\/li><li>Promover compet\u00eancias transversais de <strong>trabalho em equipa,<\/strong> apresenta\u00e7\u00e3o das sua pr\u00f3prias ideias, etc., estimulando a criatividade e o &#8220;<em>critical thinking<\/em>&#8221; e oferecendo oportunidades de emancipa\u00e7\u00e3o e desenvolvimento pessoal e social;<\/li><li>Desenvolver produtos de relev\u00e2ncia social ou que permitam a sustentabilidade do projeto e a dissemina\u00e7\u00e3o de ideias, no respeito pelos valores da partilha e solidariedade.<\/li><\/ol>\n\n\n\n<h2 class=\"wp-block-heading\"><strong>Metodologia<\/strong><\/h2>\n\n\n\n<p>As metodologias que propomos para a realiza\u00e7\u00e3o deste projeto s\u00e3o baseadas no Design<em> Thinking<\/em> e na <em>aprendizagem baseada em projetos<\/em> (PBL), real\u00e7ando a import\u00e2ncia do trabalho colaborativo e o apoio m\u00fatuo autorregulado.<\/p>\n\n\n\n<p>Sempre que poss\u00edvel, os alunos ser\u00e3o capazes de colocar em pr\u00e1tica as suas pr\u00f3prias ideias ou, em resposta a sugest\u00f5es de trabalho, ter\u00e3o espa\u00e7os para refletir, pesquisar e gerar novas ideias. Ao organizar o trabalho em equipa, podem comunicar as suas conquistas e sentir a capacidade de enfrentar novos desafios dentro e fora do espa\u00e7o de trabalho. O erro ser\u00e1 sempre parte integrante e entendido como uma etapa do processo.<\/p>\n\n\n\n<p>Os produtos finais passam a fazer parte de um reposit\u00f3rio em suporte digital aberto \u00e0 transforma\u00e7\u00e3o por parte de outras pessoas. A constru\u00e7\u00e3o de produtos de apoio de baixa e m\u00e9dia tecnologia para pessoas com defici\u00eancia e\/ou incapacidade pode tamb\u00e9m refor\u00e7ar o sentido de responsabilidade social e consequentemente a autoestima e refor\u00e7o de um quadro de valores que seja tamb\u00e9m facilitador de um processo de integra\u00e7\u00e3o profissional.<strong><strong><br><\/strong><\/strong><\/p>\n\n\n\n<h2 class=\"wp-block-heading\"><strong>Atividades<\/strong><\/h2>\n\n\n\n<p>O projeto \u00e9 desenvolvido em quatro fases sequenciais, com a dura\u00e7\u00e3o de um semestre cada uma, ou seja, num horizonte temporal de dois anos.<\/p>\n\n\n\n<h3 class=\"wp-block-heading\"><strong>1 Fase (Conhecer)<\/strong><\/h3>\n\n\n\n<p><strong>Forma\u00e7\u00e3o &#8211; 120 horas (15 semanas)<\/strong><\/p>\n\n\n\n<p>O programa inicia-se com um processo formativo e de integra\u00e7\u00e3o, seguindo um modelo formal previamente estabelecido e com uma periodicidade de dois dias por semana. A abordagem \u00e9 feita em duas dimens\u00f5es: t\u00e9cnica e psicossocial.<\/p>\n\n\n\n<p>Na dimens\u00e3o t\u00e9cnica, contamos com um formador\/facilitador com um perfil alinhado com o esp\u00edrito Maker e com experi\u00eancia t\u00e9cnica e pedag\u00f3gica adequada. Dever\u00e1 focar aspetos t\u00e9cnicos e de seguran\u00e7a das diversas ferramentas e \u00e1reas de trabalho, garantindo tamb\u00e9m um nivelamento de compet\u00eancias, tendo em conta a heterogeneidade do grupo. Poder\u00e1 consistir, inicialmente, na disseca\u00e7\u00e3o de brinquedos, desenvolvimento de pe\u00e7as art\u00edsticas ou l\u00fadicas, com recurso a baixa e m\u00e9dia tecnologia.<\/p>\n\n\n\n<p>Trata-se de processo din\u00e2mico, em que os formandos adquirem uma din\u00e2mica pr\u00f3pria e gosto pelo fazer e pelo criar. A dimens\u00e3o psicossocial ser\u00e1 assegurada por uma psic\u00f3loga, coadjuvada pelo <strong>Centro de Interven\u00e7\u00e3o Psicopedag\u00f3gica da ESE<\/strong> e seguir\u00e1 um plano de integra\u00e7\u00e3o din\u00e2mico, focado nas capacidades individuais de cada formando e na autorregula\u00e7\u00e3o do grupo.<\/p>\n\n\n\n<h3 class=\"wp-block-heading\"><strong>2 Fase (Aplicar)<\/strong><\/h3>\n\n\n\n<p><strong>Forma\u00e7\u00e3o &#8211; 120 horas (15 semanas)<\/strong><\/p>\n\n\n\n<p>Numa segunda fase, os formandos dever\u00e3o aplicar as compet\u00eancias adquiridas em produtos espec\u00edficos, mas sempre num regime de trabalho cooperativo e\/ou colaborativo, mantendo-se o foco no esfor\u00e7o na autorregula\u00e7\u00e3o e nas intera\u00e7\u00f5es sociais.<\/p>\n\n\n\n<p>\u00c9 uma fase de consolida\u00e7\u00e3o, quer do ponto de vista t\u00e9cnico, quer no dom\u00ednio das intera\u00e7\u00f5es dos diversos elementos do grupo. Seguindo instru\u00e7\u00f5es claras e planeadas, os formandos elaboram um projeto de equipa, que pode ser inspirado nos milhares de exemplos acess\u00edveis em suporte digital (Instructables, Thingiverse, Youtube, etc). Seguir\u00e1, por isso uma metodologia de aprendizagem baseada em projetos (PBL) e, nesta fase, estar\u00e1 mais centrada no processo que no produto.<\/p>\n\n\n\n<h3 class=\"wp-block-heading\"><strong>Fase 3: Avaliar Solu\u00e7\u00f5es<\/strong><\/h3>\n\n\n\n<p><strong>Oficina &#8211; 120 horas<\/strong><\/p>\n\n\n\n<p>A terceira fase implica j\u00e1 um envolvimento com a comunidade e est\u00e1 assente na utiliza\u00e7\u00e3o de uma <strong>plataforma digital<\/strong> de partilha de informa\u00e7\u00e3o e angaria\u00e7\u00e3o de projetos. Atrav\u00e9s de canais diversificados, \u00e9 feita a dissemina\u00e7\u00e3o do projeto junto das comunidades de pessoas com defici\u00eancia ou mesmo a t\u00edtulo individual. Pretende-se ainda que o projeto evolua no sentido incluir volunt\u00e1rios ou estagi\u00e1rios dos cursos profissionais no processo criativo, eventualmente com recurso a pequenos &#8220;<em>hackathons<\/em>&#8220;, criando assim uma rede de conhecimento e partilha no desenvolvimento de solu\u00e7\u00f5es personalizadas para pessoas com necessidades especiais.<\/p>\n\n\n\n<h2 class=\"wp-block-heading\"><strong>Fase 4: Cria\u00e7\u00e3o<\/strong><\/h2>\n\n\n\n<p><strong>Oficina &#8211; Hor\u00e1rio Livre<\/strong><\/p>\n\n\n\n<p>A quarta fase \u00e9 concomitante com a anterior e prev\u00ea a possibilidade de os formandos avan\u00e7arem com projetos de autoria, que poder\u00e3o ser aproveitados como &#8220;<em>gatilhos<\/em> &#8220;para contextos reais de produ\u00e7\u00e3o e motiva\u00e7\u00e3o para um percurso profissional.<\/p>\n\n\n\n<p>Eventualmente ser\u00e3o criadas condi\u00e7\u00f5es para uma linha de produ\u00e7\u00e3o de plantas de emerg\u00eancia tridimensionais para interiores de edif\u00edcios ou mapas para conhecimento de espa\u00e7os e \u00e1reas para cegos.<\/p>\n\n\n\n<figure class=\"wp-block-image size-large\"><img loading=\"lazy\" decoding=\"async\" width=\"214\" height=\"136\" src=\"https:\/\/oficinadotato.ese.ipp.pt\/wp-content\/uploads\/2021\/06\/Imagem4.png\" alt=\"\" class=\"wp-image-26\"\/><\/figure>\n\n\n\n<h3 class=\"wp-block-heading\"><strong>Recursos Humanos<\/strong><\/h3>\n\n\n\n<p>Um FabLab inclusivo n\u00e3o \u00e9 apenas um local onde existem ferramentas e se constroem coisas. \u00c9 um local onde as pessoas trabalham em conjunto para um mesmo fim, interagem e concretizam projetos. \u00c9 por isso muito importante que exista um ambiente estruturado, em que os seus &#8220;<em>habitantes<\/em>&#8221; se sintam confort\u00e1veis, confiantes e seguros. Num contexto em que coabitam diferentes perfis e personalidades com a as suas pr\u00f3prias idiossincrasias \u00e9 importante garantir um sistema de regula\u00e7\u00e3o das intera\u00e7\u00f5es e, ao mesmo tempo, um eficaz acompanhamento t\u00e9cnico para que as experi\u00eancias n\u00e3o se tornem frustrantes.<\/p>\n\n\n\n<p>O projeto conta para isso com uma equipa t\u00e9cnico-pedag\u00f3gica constitu\u00edda por um psic\u00f3logo e pela equipa de forma\u00e7\u00e3o especializada que supervisiona as intera\u00e7\u00f5es, enquanto facilitadora de todo o processo. Existe tamb\u00e9m uma equipa t\u00e9cnica que planifica, desenvolve e avalia os projetos do ponto de vista da sua exequibilidade, seguran\u00e7a e posterior dissemina\u00e7\u00e3o<\/p>\n\n\n\n<p>Esta coordena\u00e7\u00e3o pedag\u00f3gica e cient\u00edfica est\u00e1 a cargo de uma equipa especializada da ESE, que estuda agora o arranque de um Curso Tecnol\u00f3gico Superior Especializado que prepara os facilitadores que ir\u00e3o implementar a metodologia colaborativa<\/p>\n\n\n\n<p>Est\u00e1 ainda prevista a exist\u00eancia de um coordenador geral, nomeado pela entidade promotora que acompanha os trabalhos e superintende quest\u00f5es de log\u00edstica.<\/p>\n","protected":false},"excerpt":{"rendered":"<p>Oficina do Tato\u00a0 \u00e9 um projeto formativo do\u00a0 P. Porto desenvolvido pelo N\u00facleo de Apoio a Inclus\u00e3o Digital da\u00a0 Escola Superior de Educa\u00e7\u00e3o, que pretende promover a inclus\u00e3o e a integra\u00e7\u00e3o socioprofissional de jovens em situa\u00e7\u00e3o de vulnerabilidade, atrav\u00e9s de um programa de aquisi\u00e7\u00e3o de compet\u00eancias pessoais e t\u00e9cnicas, baseadas nos novos\u00a0 paradigmas associados ao [&hellip;]<\/p>\n","protected":false},"author":2,"featured_media":0,"parent":0,"menu_order":0,"comment_status":"closed","ping_status":"closed","template":"","meta":{"footnotes":""},"class_list":["post-24","page","type-page","status-publish","hentry","post"],"_links":{"self":[{"href":"https:\/\/oficinadotato.ese.ipp.pt\/index.php\/wp-json\/wp\/v2\/pages\/24","targetHints":{"allow":["GET"]}}],"collection":[{"href":"https:\/\/oficinadotato.ese.ipp.pt\/index.php\/wp-json\/wp\/v2\/pages"}],"about":[{"href":"https:\/\/oficinadotato.ese.ipp.pt\/index.php\/wp-json\/wp\/v2\/types\/page"}],"author":[{"embeddable":true,"href":"https:\/\/oficinadotato.ese.ipp.pt\/index.php\/wp-json\/wp\/v2\/users\/2"}],"replies":[{"embeddable":true,"href":"https:\/\/oficinadotato.ese.ipp.pt\/index.php\/wp-json\/wp\/v2\/comments?post=24"}],"version-history":[{"count":5,"href":"https:\/\/oficinadotato.ese.ipp.pt\/index.php\/wp-json\/wp\/v2\/pages\/24\/revisions"}],"predecessor-version":[{"id":101,"href":"https:\/\/oficinadotato.ese.ipp.pt\/index.php\/wp-json\/wp\/v2\/pages\/24\/revisions\/101"}],"wp:attachment":[{"href":"https:\/\/oficinadotato.ese.ipp.pt\/index.php\/wp-json\/wp\/v2\/media?parent=24"}],"curies":[{"name":"wp","href":"https:\/\/api.w.org\/{rel}","templated":true}]}}